{"id":63,"date":"2018-10-10T07:22:40","date_gmt":"2018-10-10T07:22:40","guid":{"rendered":"http:\/\/www.deadmusiciansalive.com\/?page_id=63"},"modified":"2018-10-10T12:35:27","modified_gmt":"2018-10-10T12:35:27","slug":"music-stores","status":"publish","type":"page","link":"http:\/\/www.deadmusiciansalive.com\/index.php\/musicians-services\/music-stores\/","title":{"rendered":"MUSIC STORES"},"content":{"rendered":"<body><p><\/p>\n<table style=\"border-collapse: collapse; width: 100%; height: 739px;\" border=\"1\">\n<tbody>\n<tr style=\"height: 193px;\">\n<td style=\"width: 18.556701030927837%; height: 193px;\"><img data-recalc-dims=\"1\" decoding=\"async\" class=\"alignnone wp-image-77\" src=\"https:\/\/i0.wp.com\/www.deadmusiciansalive.com\/wp-content\/uploads\/2018\/10\/Unknown-1.jpeg?resize=135%2C79\" alt=\"\" width=\"135\" height=\"79\" loading=\"lazy\">\n<p style=\"text-align: center;\"><strong><a href=\"http:\/\/www.folkladen.de\">Website<\/a><\/strong><\/p>\n<\/td>\n<td style=\"width: 81.44329896907216%; height: 193px;\">\n<div><strong>FOLKLADEN<\/strong> Ihr Fachgesch\u00e4ft f\u00fcr Musikinstrumente in M\u00fcnchen<\/div>\n<div>\n<p>Einsteinstr. 123,\u00a0<span style=\"font-family: inherit; font-size: inherit;\">81675 M\u00fcnchen<\/span><\/p>\n<div><u><b>\u00d6ffnungszeiten:<\/b><\/u><\/div>\n<div>Montag \u2013 Freitag: 10:30 \u2013 18:30 Uhr\u00a0Samstag: 10:30 \u2013 14:00 Uhr<br>\nIncredibly friendly attention from the owners of the place, specialized in acoustic guitars and accessoires.<\/div>\n<\/div>\n<\/td>\n<\/tr>\n<tr style=\"height: 122px;\">\n<td style=\"width: 18.556701030927837%; height: 122px;\"><a href=\"https:\/\/www.mjguitars.de\/en\/\"><img data-recalc-dims=\"1\" decoding=\"async\" class=\"alignnone size-full wp-image-79\" src=\"https:\/\/i0.wp.com\/www.deadmusiciansalive.com\/wp-content\/uploads\/2018\/10\/mjlogo.jpg?resize=203%2C87\" alt=\"\" width=\"203\" height=\"87\" loading=\"lazy\"><\/a>\n<p style=\"text-align: center;\"><a href=\"https:\/\/www.mjguitars.de\/en\/\"><strong>Website<\/strong><\/a><\/p>\n<\/td>\n<td style=\"width: 81.44329896907216%; height: 122px;\"><strong>MJ Guitars GmbH<\/strong> Pariser Str. 32, 81667 M\u00fcnchen \/ Mon-Fri 11-7pm \/ Sat 11- 5pm\n<p>Very friendly staff with a variety of vintage and new equipment. The owner, Mathias Jabs, is the guitarist of the legendary german rockband Scorpions<\/p><\/td>\n<\/tr>\n<tr style=\"height: 53px;\">\n<td style=\"width: 18.556701030927837%; height: 53px;\"><img data-recalc-dims=\"1\" decoding=\"async\" class=\"alignnone size-full wp-image-81\" src=\"https:\/\/i0.wp.com\/www.deadmusiciansalive.com\/wp-content\/uploads\/2018\/10\/Unknown-2.jpeg?resize=144%2C94\" alt=\"\" width=\"144\" height=\"94\" loading=\"lazy\">\n<p style=\"text-align: center;\"><a href=\"https:\/\/guitars.de\/en\/\"><strong>Website<\/strong><\/a><\/p>\n<\/td>\n<td style=\"width: 81.44329896907216%; height: 53px;\"><a href=\"https:\/\/guitars.de\/en\/\"><strong>MUNICH GUITAR COMPANY<\/strong><\/a> Franziskanerstra\u00dfe 49, 81669 M\u00fcnchen Mon \u2013 Fri 12 \u2013 7Pm \/ Sat 10 -4Pm\n<p>Good experience buying guitar parts,<\/p><\/td>\n<\/tr>\n<tr style=\"height: 53px;\">\n<td style=\"width: 18.556701030927837%; height: 53px;\"><\/td>\n<td style=\"width: 81.44329896907216%; height: 53px;\"><\/td>\n<\/tr>\n<tr style=\"height: 53px;\">\n<td style=\"width: 18.556701030927837%; height: 53px;\"><\/td>\n<td style=\"width: 81.44329896907216%; height: 53px;\"><\/td>\n<\/tr>\n<tr style=\"height: 53px;\">\n<td style=\"width: 18.556701030927837%; height: 53px;\"><\/td>\n<td style=\"width: 81.44329896907216%; height: 53px;\"><\/td>\n<\/tr>\n<tr style=\"height: 53px;\">\n<td style=\"width: 18.556701030927837%; height: 53px;\"><\/td>\n<td style=\"width: 81.44329896907216%; height: 53px;\"><\/td>\n<\/tr>\n<tr style=\"height: 53px;\">\n<td style=\"width: 18.556701030927837%; height: 53px;\"><\/td>\n<td style=\"width: 81.44329896907216%; height: 53px;\"><\/td>\n<\/tr>\n<tr style=\"height: 53px;\">\n<td style=\"width: 18.556701030927837%; height: 53px;\"><\/td>\n<td style=\"width: 81.44329896907216%; height: 53px;\"><\/td>\n<\/tr>\n<tr style=\"height: 53px;\">\n<td style=\"width: 18.556701030927837%; height: 53px;\"><\/td>\n<td style=\"width: 81.44329896907216%; height: 53px;\"><\/td>\n<\/tr>\n<\/tbody>\n<\/table>\n<p><\/p>\n<\/body>","protected":false},"excerpt":{"rendered":"<p>Website FOLKLADEN Ihr Fachgesch\u00e4ft f\u00fcr Musikinstrumente in M\u00fcnchen Einsteinstr. 123,\u00a081675 M\u00fcnchen \u00d6ffnungszeiten: Montag \u2013 Freitag: 10:30 \u2013 18:30 Uhr\u00a0Samstag: 10:30 \u2013 14:00 Uhr Incredibly friendly attention from the owners of<a href=\"http:\/\/www.deadmusiciansalive.com\/index.php\/musicians-services\/music-stores\/\" class=\"more-link\"><span class=\"readmore\">Continue reading<span class=\"screen-reader-text\">MUSIC STORES<\/span><\/span><\/a><\/p>\n","protected":false},"author":1,"featured_media":0,"parent":57,"menu_order":0,"comment_status":"closed","ping_status":"closed","template":"","meta":{"om_disable_all_campaigns":false,"_monsterinsights_skip_tracking":false,"_monsterinsights_sitenote_active":false,"_monsterinsights_sitenote_note":"","_monsterinsights_sitenote_category":0,"footnotes":""},"class_list":["post-63","page","type-page","status-publish","hentry"],"aioseo_notices":[],"jetpack_sharing_enabled":true,"_links":{"self":[{"href":"http:\/\/www.deadmusiciansalive.com\/index.php\/wp-json\/wp\/v2\/pages\/63","targetHints":{"allow":["GET"]}}],"collection":[{"href":"http:\/\/www.deadmusiciansalive.com\/index.php\/wp-json\/wp\/v2\/pages"}],"about":[{"href":"http:\/\/www.deadmusiciansalive.com\/index.php\/wp-json\/wp\/v2\/types\/page"}],"author":[{"embeddable":true,"href":"http:\/\/www.deadmusiciansalive.com\/index.php\/wp-json\/wp\/v2\/users\/1"}],"replies":[{"embeddable":true,"href":"http:\/\/www.deadmusiciansalive.com\/index.php\/wp-json\/wp\/v2\/comments?post=63"}],"version-history":[{"count":3,"href":"http:\/\/www.deadmusiciansalive.com\/index.php\/wp-json\/wp\/v2\/pages\/63\/revisions"}],"predecessor-version":[{"id":83,"href":"http:\/\/www.deadmusiciansalive.com\/index.php\/wp-json\/wp\/v2\/pages\/63\/revisions\/83"}],"up":[{"embeddable":true,"href":"http:\/\/www.deadmusiciansalive.com\/index.php\/wp-json\/wp\/v2\/pages\/57"}],"wp:attachment":[{"href":"http:\/\/www.deadmusiciansalive.com\/index.php\/wp-json\/wp\/v2\/media?parent=63"}],"curies":[{"name":"wp","href":"https:\/\/api.w.org\/{rel}","templated":true}]}}